{"id":537,"date":"2024-11-07T13:17:59","date_gmt":"2024-11-07T13:17:59","guid":{"rendered":"http:\/\/brands-conception.com\/portfolio\/"},"modified":"2024-12-04T17:36:48","modified_gmt":"2024-12-04T17:36:48","slug":"portfolio","status":"publish","type":"page","link":"http:\/\/brands-conception.com\/en\/portfolio\/","title":{"rendered":"Portfolio"},"content":{"rendered":"<div data-elementor-type=\"wp-page\" data-elementor-id=\"537\" class=\"elementor elementor-537\" data-elementor-post-type=\"page\">\n\t\t\t\t\t\t<section class=\"elementor-section elementor-top-section elementor-element elementor-element-e7f54c3 elementor-section-full_width elementor-section-height-default elementor-section-height-default\" data-id=\"e7f54c3\" data-element_type=\"section\" data-e-type=\"section\">\n\t\t\t\t\t\t<div class=\"elementor-container elementor-column-gap-no\">\n\t\t\t\t\t<div class=\"elementor-column elementor-col-100 elementor-top-column elementor-element elementor-element-134588b\" data-id=\"134588b\" data-element_type=\"column\" data-e-type=\"column\">\n\t\t\t<div class=\"elementor-widget-wrap elementor-element-populated\">\n\t\t\t\t\t\t<section class=\"elementor-section elementor-inner-section elementor-element elementor-element-bc9c489 elementor-section-full_width elementor-section-height-default elementor-section-height-default\" data-id=\"bc9c489\" data-element_type=\"section\" data-e-type=\"section\">\n\t\t\t\t\t\t<div class=\"elementor-container elementor-column-gap-no\">\n\t\t\t\t\t<div class=\"elementor-column elementor-col-100 elementor-inner-column elementor-element elementor-element-7f283ba\" data-id=\"7f283ba\" data-element_type=\"column\" data-e-type=\"column\">\n\t\t\t<div class=\"elementor-widget-wrap\">\n\t\t\t\t\t\t\t<\/div>\n\t\t<\/div>\n\t\t\t\t\t<\/div>\n\t\t<\/section>\n\t\t<div class=\"elementor-element elementor-element-aeccd62 e-flex e-con-boxed e-con e-parent\" data-id=\"aeccd62\" data-element_type=\"container\" data-e-type=\"container\">\n\t\t\t\t\t<div class=\"e-con-inner\">\n\t\t\t\t\t<\/div>\n\t\t\t\t<\/div>\n\t\t<div class=\"elementor-element elementor-element-a1c5e01 e-flex e-con-boxed e-con e-parent\" data-id=\"a1c5e01\" data-element_type=\"container\" data-e-type=\"container\">\n\t\t\t\t\t<div class=\"e-con-inner\">\n\t\t\t\t\t<\/div>\n\t\t\t\t<\/div>\n\t\t<div class=\"elementor-element elementor-element-743b47c e-flex e-con-boxed e-con e-parent\" data-id=\"743b47c\" data-element_type=\"container\" data-e-type=\"container\">\n\t\t\t\t\t<div class=\"e-con-inner\">\n\t\t\t\t\t<\/div>\n\t\t\t\t<\/div>\n\t\t\t\t<div class=\"elementor-element elementor-element-c384756 elementor-widget elementor-widget-heading\" data-id=\"c384756\" data-element_type=\"widget\" data-e-type=\"widget\" data-widget_type=\"heading.default\">\n\t\t\t\t\t<h2 class=\"elementor-heading-title elementor-size-default\">Our Work in Action<\/h2>\t\t\t\t<\/div>\n\t\t\t\t<section class=\"elementor-section elementor-inner-section elementor-element elementor-element-ee64c70 elementor-section-full_width elementor-section-height-default elementor-section-height-default\" data-id=\"ee64c70\" data-element_type=\"section\" data-e-type=\"section\">\n\t\t\t\t\t\t<div class=\"elementor-container elementor-column-gap-no\">\n\t\t\t\t\t<div class=\"elementor-column elementor-col-100 elementor-inner-column elementor-element elementor-element-aaeebaa\" data-id=\"aaeebaa\" data-element_type=\"column\" data-e-type=\"column\">\n\t\t\t<div class=\"elementor-widget-wrap elementor-element-populated\">\n\t\t\t\t\t\t<div class=\"elementor-element elementor-element-438af0f elementor-widget elementor-widget-heading\" data-id=\"438af0f\" data-element_type=\"widget\" data-e-type=\"widget\" data-widget_type=\"heading.default\">\n\t\t\t\t\t<h2 class=\"elementor-heading-title elementor-size-default\">Werfen Sie einen Blick auf einige unserer vergangenen Veranstaltungen.<\/strong><br>Jedes Projekt spiegelt unser Engagement f\u00fcr Qualit\u00e4t, Kreativit\u00e4t und Liebe zum Detail wider.<\/h2>\t\t\t\t<\/div>\n\t\t\t\t\t<\/div>\n\t\t<\/div>\n\t\t\t\t\t<\/div>\n\t\t<\/section>\n\t\t\t\t<section class=\"elementor-section elementor-inner-section elementor-element elementor-element-bd33343 elementor-section-full_width elementor-section-height-default elementor-section-height-default\" data-id=\"bd33343\" data-element_type=\"section\" data-e-type=\"section\">\n\t\t\t\t\t\t<div class=\"elementor-container elementor-column-gap-no\">\n\t\t\t\t\t<div class=\"elementor-column elementor-col-100 elementor-inner-column elementor-element elementor-element-c15348f\" data-id=\"c15348f\" data-element_type=\"column\" data-e-type=\"column\">\n\t\t\t<div class=\"elementor-widget-wrap elementor-element-populated\">\n\t\t\t\t\t\t<div class=\"elementor-element elementor-element-5b03f4b elementor-widget elementor-widget-image-gallery\" data-id=\"5b03f4b\" data-element_type=\"widget\" data-e-type=\"widget\" data-widget_type=\"image-gallery.default\">\n\t\t\t\t\t\t\t<div class=\"elementor-image-gallery\">\n\t\t\t<div id='gallery-1' class='gallery galleryid-537 gallery-columns-2 gallery-size-medium_large'><figure class='gallery-item'>\n\t\t\t<div class='gallery-icon landscape'>\n\t\t\t\t<a data-elementor-open-lightbox=\"yes\" data-elementor-lightbox-slideshow=\"5b03f4b\" data-elementor-lightbox-title=\"IMG_7918 2\" data-e-action-hash=\"#elementor-action%3Aaction%3Dlightbox%26settings%3DeyJpZCI6NzU1LCJ1cmwiOiJodHRwczpcL1wvYnJhbmRzLWNvbmNlcHRpb24uY29tXC93cC1jb250ZW50XC91cGxvYWRzXC8yMDI0XC8xMVwvSU1HXzc5MTgtMi5qcGciLCJzbGlkZXNob3ciOiI1YjAzZjRiIn0%3D\" href='https:\/\/brands-conception.com\/wp-content\/uploads\/2024\/11\/IMG_7918-2.jpg'><img fetchpriority=\"high\" decoding=\"async\" width=\"768\" height=\"768\" src=\"https:\/\/brands-conception.com\/wp-content\/uploads\/2024\/11\/IMG_7918-2.jpg\" class=\"attachment-medium_large size-medium_large\" alt=\"\" srcset=\"https:\/\/brands-conception.com\/wp-content\/uploads\/2024\/11\/IMG_7918-2.jpg 2048w, https:\/\/brands-conception.com\/wp-content\/uploads\/2024\/11\/IMG_7918-2-300x300.jpg 300w, https:\/\/brands-conception.com\/wp-content\/uploads\/2024\/11\/IMG_7918-2-100x100.jpg 100w, https:\/\/brands-conception.com\/wp-content\/uploads\/2024\/11\/IMG_7918-2-600x600.jpg 600w\" sizes=\"(max-width: 768px) 100vw, 768px\" \/><\/a>\n\t\t\t<\/div><\/figure><figure class='gallery-item'>\n\t\t\t<div class='gallery-icon landscape'>\n\t\t\t\t<a data-elementor-open-lightbox=\"yes\" data-elementor-lightbox-slideshow=\"5b03f4b\" data-elementor-lightbox-title=\"23757573_10214699807718269_281269054_o 4\" data-e-action-hash=\"#elementor-action%3Aaction%3Dlightbox%26settings%3DeyJpZCI6NzQ1LCJ1cmwiOiJodHRwczpcL1wvYnJhbmRzLWNvbmNlcHRpb24uY29tXC93cC1jb250ZW50XC91cGxvYWRzXC8yMDI0XC8xMVwvMjM3NTc1NzNfMTAyMTQ2OTk4MDc3MTgyNjlfMjgxMjY5MDU0X28tNC5qcGciLCJzbGlkZXNob3ciOiI1YjAzZjRiIn0%3D\" href='https:\/\/brands-conception.com\/wp-content\/uploads\/2024\/11\/23757573_10214699807718269_281269054_o-4.jpg'><img decoding=\"async\" width=\"768\" height=\"576\" src=\"https:\/\/brands-conception.com\/wp-content\/uploads\/2024\/11\/23757573_10214699807718269_281269054_o-4.jpg\" class=\"attachment-medium_large size-medium_large\" alt=\"\" srcset=\"https:\/\/brands-conception.com\/wp-content\/uploads\/2024\/11\/23757573_10214699807718269_281269054_o-4.jpg 1334w, https:\/\/brands-conception.com\/wp-content\/uploads\/2024\/11\/23757573_10214699807718269_281269054_o-4-600x450.jpg 600w\" sizes=\"(max-width: 768px) 100vw, 768px\" \/><\/a>\n\t\t\t<\/div><\/figure><figure class='gallery-item'>\n\t\t\t<div class='gallery-icon landscape'>\n\t\t\t\t<a data-elementor-open-lightbox=\"yes\" data-elementor-lightbox-slideshow=\"5b03f4b\" data-elementor-lightbox-title=\"IMG_7917 2\" data-e-action-hash=\"#elementor-action%3Aaction%3Dlightbox%26settings%3DeyJpZCI6NzA3LCJ1cmwiOiJodHRwczpcL1wvYnJhbmRzLWNvbmNlcHRpb24uY29tXC93cC1jb250ZW50XC91cGxvYWRzXC8yMDI0XC8xMVwvSU1HXzc5MTctMi5qcGciLCJzbGlkZXNob3ciOiI1YjAzZjRiIn0%3D\" href='https:\/\/brands-conception.com\/wp-content\/uploads\/2024\/11\/IMG_7917-2.jpg'><img decoding=\"async\" width=\"768\" height=\"593\" src=\"https:\/\/brands-conception.com\/wp-content\/uploads\/2024\/11\/IMG_7917-2-768x593.jpg\" class=\"attachment-medium_large size-medium_large\" alt=\"\" srcset=\"https:\/\/brands-conception.com\/wp-content\/uploads\/2024\/11\/IMG_7917-2-768x593.jpg 768w, https:\/\/brands-conception.com\/wp-content\/uploads\/2024\/11\/IMG_7917-2-300x232.jpg 300w, https:\/\/brands-conception.com\/wp-content\/uploads\/2024\/11\/IMG_7917-2.jpg 857w\" sizes=\"(max-width: 768px) 100vw, 768px\" \/><\/a>\n\t\t\t<\/div><\/figure><figure class='gallery-item'>\n\t\t\t<div class='gallery-icon landscape'>\n\t\t\t\t<a data-elementor-open-lightbox=\"yes\" data-elementor-lightbox-slideshow=\"5b03f4b\" data-elementor-lightbox-title=\"BETD Event Brazilian Embassy\" data-e-action-hash=\"#elementor-action%3Aaction%3Dlightbox%26settings%3DeyJpZCI6NzQ3LCJ1cmwiOiJodHRwczpcL1wvYnJhbmRzLWNvbmNlcHRpb24uY29tXC93cC1jb250ZW50XC91cGxvYWRzXC8yMDI0XC8xMVwvQkVURC1FdmVudC1CcmF6aWxpYW4tRW1iYXNzeS1zY2FsZWQuanBlZyIsInNsaWRlc2hvdyI6IjViMDNmNGIifQ%3D%3D\" href='https:\/\/brands-conception.com\/wp-content\/uploads\/2024\/11\/BETD-Event-Brazilian-Embassy-scaled.jpeg'><img loading=\"lazy\" decoding=\"async\" width=\"768\" height=\"576\" src=\"https:\/\/brands-conception.com\/wp-content\/uploads\/2024\/11\/BETD-Event-Brazilian-Embassy-scaled.jpeg\" class=\"attachment-medium_large size-medium_large\" alt=\"\" srcset=\"https:\/\/brands-conception.com\/wp-content\/uploads\/2024\/11\/BETD-Event-Brazilian-Embassy-scaled.jpeg 2560w, https:\/\/brands-conception.com\/wp-content\/uploads\/2024\/11\/BETD-Event-Brazilian-Embassy-scaled-600x450.jpeg 600w\" sizes=\"(max-width: 768px) 100vw, 768px\" \/><\/a>\n\t\t\t<\/div><\/figure><figure class='gallery-item'>\n\t\t\t<div class='gallery-icon landscape'>\n\t\t\t\t<a data-elementor-open-lightbox=\"yes\" data-elementor-lightbox-slideshow=\"5b03f4b\" data-elementor-lightbox-title=\"Picture 2\" data-e-action-hash=\"#elementor-action%3Aaction%3Dlightbox%26settings%3DeyJpZCI6NzQzLCJ1cmwiOiJodHRwczpcL1wvYnJhbmRzLWNvbmNlcHRpb24uY29tXC93cC1jb250ZW50XC91cGxvYWRzXC8yMDI0XC8xMVwvUGljdHVyZS0yLWUxNzMzNDE5MjAwODA2LmpwZyIsInNsaWRlc2hvdyI6IjViMDNmNGIifQ%3D%3D\" href='https:\/\/brands-conception.com\/wp-content\/uploads\/2024\/11\/Picture-2-e1733419200806.jpg'><img loading=\"lazy\" decoding=\"async\" width=\"695\" height=\"463\" src=\"https:\/\/brands-conception.com\/wp-content\/uploads\/2024\/11\/Picture-2-e1733419200806.jpg\" class=\"attachment-medium_large size-medium_large\" alt=\"\" srcset=\"https:\/\/brands-conception.com\/wp-content\/uploads\/2024\/11\/Picture-2-e1733419200806.jpg 695w, https:\/\/brands-conception.com\/wp-content\/uploads\/2024\/11\/Picture-2-e1733419200806-600x400.jpg 600w, https:\/\/brands-conception.com\/wp-content\/uploads\/2024\/11\/Picture-2-e1733419200806-300x200.jpg 300w\" sizes=\"(max-width: 695px) 100vw, 695px\" \/><\/a>\n\t\t\t<\/div><\/figure><figure class='gallery-item'>\n\t\t\t<div class='gallery-icon landscape'>\n\t\t\t\t<a data-elementor-open-lightbox=\"yes\" data-elementor-lightbox-slideshow=\"5b03f4b\" data-elementor-lightbox-title=\"RedBull Event\" data-e-action-hash=\"#elementor-action%3Aaction%3Dlightbox%26settings%3DeyJpZCI6NTg1LCJ1cmwiOiJodHRwczpcL1wvYnJhbmRzLWNvbmNlcHRpb24uY29tXC93cC1jb250ZW50XC91cGxvYWRzXC8yMDI0XC8xMVwvUmVkQnVsbC1FdmVudC0uanBnIiwic2xpZGVzaG93IjoiNWIwM2Y0YiJ9\" href='https:\/\/brands-conception.com\/wp-content\/uploads\/2024\/11\/RedBull-Event-.jpg'><img loading=\"lazy\" decoding=\"async\" width=\"768\" height=\"768\" src=\"https:\/\/brands-conception.com\/wp-content\/uploads\/2024\/11\/RedBull-Event--768x768.jpg\" class=\"attachment-medium_large size-medium_large\" alt=\"\" srcset=\"https:\/\/brands-conception.com\/wp-content\/uploads\/2024\/11\/RedBull-Event--768x768.jpg 768w, https:\/\/brands-conception.com\/wp-content\/uploads\/2024\/11\/RedBull-Event--300x300.jpg 300w, https:\/\/brands-conception.com\/wp-content\/uploads\/2024\/11\/RedBull-Event--1024x1024.jpg 1024w, https:\/\/brands-conception.com\/wp-content\/uploads\/2024\/11\/RedBull-Event--150x150.jpg 150w, https:\/\/brands-conception.com\/wp-content\/uploads\/2024\/11\/RedBull-Event--1536x1536.jpg 1536w, https:\/\/brands-conception.com\/wp-content\/uploads\/2024\/11\/RedBull-Event--2048x2048.jpg 2048w\" sizes=\"(max-width: 768px) 100vw, 768px\" \/><\/a>\n\t\t\t<\/div><\/figure><figure class='gallery-item'>\n\t\t\t<div class='gallery-icon landscape'>\n\t\t\t\t<a data-elementor-open-lightbox=\"yes\" data-elementor-lightbox-slideshow=\"5b03f4b\" data-elementor-lightbox-title=\"pexels-photo-7648020-7648020\" data-e-action-hash=\"#elementor-action%3Aaction%3Dlightbox%26settings%3DeyJpZCI6NjI4LCJ1cmwiOiJodHRwczpcL1wvYnJhbmRzLWNvbmNlcHRpb24uY29tXC93cC1jb250ZW50XC91cGxvYWRzXC8yMDI0XC8xMVwvcGV4ZWxzLXBob3RvLTc2NDgwMjAtNzY0ODAyMC1zY2FsZWQuanBnIiwic2xpZGVzaG93IjoiNWIwM2Y0YiJ9\" href='https:\/\/brands-conception.com\/wp-content\/uploads\/2024\/11\/pexels-photo-7648020-7648020-scaled.jpg'><img loading=\"lazy\" decoding=\"async\" width=\"768\" height=\"512\" src=\"https:\/\/brands-conception.com\/wp-content\/uploads\/2024\/11\/pexels-photo-7648020-7648020-768x512.jpg\" class=\"attachment-medium_large size-medium_large\" alt=\"ID&#039;s on the Table\" srcset=\"https:\/\/brands-conception.com\/wp-content\/uploads\/2024\/11\/pexels-photo-7648020-7648020-768x512.jpg 768w, https:\/\/brands-conception.com\/wp-content\/uploads\/2024\/11\/pexels-photo-7648020-7648020-300x200.jpg 300w, https:\/\/brands-conception.com\/wp-content\/uploads\/2024\/11\/pexels-photo-7648020-7648020-1024x683.jpg 1024w, https:\/\/brands-conception.com\/wp-content\/uploads\/2024\/11\/pexels-photo-7648020-7648020-1536x1024.jpg 1536w, https:\/\/brands-conception.com\/wp-content\/uploads\/2024\/11\/pexels-photo-7648020-7648020-2048x1365.jpg 2048w\" sizes=\"(max-width: 768px) 100vw, 768px\" \/><\/a>\n\t\t\t<\/div><\/figure><figure class='gallery-item'>\n\t\t\t<div class='gallery-icon landscape'>\n\t\t\t\t<a data-elementor-open-lightbox=\"yes\" data-elementor-lightbox-slideshow=\"5b03f4b\" data-elementor-lightbox-title=\"IMG_8583\" data-e-action-hash=\"#elementor-action%3Aaction%3Dlightbox%26settings%3DeyJpZCI6NzUxLCJ1cmwiOiJodHRwczpcL1wvYnJhbmRzLWNvbmNlcHRpb24uY29tXC93cC1jb250ZW50XC91cGxvYWRzXC8yMDI0XC8xMVwvSU1HXzg1ODMtc2NhbGVkLmpwZWciLCJzbGlkZXNob3ciOiI1YjAzZjRiIn0%3D\" href='https:\/\/brands-conception.com\/wp-content\/uploads\/2024\/11\/IMG_8583-scaled.jpeg'><img loading=\"lazy\" decoding=\"async\" width=\"768\" height=\"576\" src=\"https:\/\/brands-conception.com\/wp-content\/uploads\/2024\/11\/IMG_8583-scaled.jpeg\" class=\"attachment-medium_large size-medium_large\" alt=\"\" srcset=\"https:\/\/brands-conception.com\/wp-content\/uploads\/2024\/11\/IMG_8583-scaled.jpeg 2560w, https:\/\/brands-conception.com\/wp-content\/uploads\/2024\/11\/IMG_8583-scaled-600x450.jpeg 600w\" sizes=\"(max-width: 768px) 100vw, 768px\" \/><\/a>\n\t\t\t<\/div><\/figure><figure class='gallery-item'>\n\t\t\t<div class='gallery-icon landscape'>\n\t\t\t\t<a data-elementor-open-lightbox=\"yes\" data-elementor-lightbox-slideshow=\"5b03f4b\" data-elementor-lightbox-title=\"IMG_5147 3\" data-e-action-hash=\"#elementor-action%3Aaction%3Dlightbox%26settings%3DeyJpZCI6NzUyLCJ1cmwiOiJodHRwczpcL1wvYnJhbmRzLWNvbmNlcHRpb24uY29tXC93cC1jb250ZW50XC91cGxvYWRzXC8yMDI0XC8xMVwvSU1HXzUxNDctMy5qcGciLCJzbGlkZXNob3ciOiI1YjAzZjRiIn0%3D\" href='https:\/\/brands-conception.com\/wp-content\/uploads\/2024\/11\/IMG_5147-3.jpg'><img loading=\"lazy\" decoding=\"async\" width=\"768\" height=\"576\" src=\"https:\/\/brands-conception.com\/wp-content\/uploads\/2024\/11\/IMG_5147-3.jpg\" class=\"attachment-medium_large size-medium_large\" alt=\"\" srcset=\"https:\/\/brands-conception.com\/wp-content\/uploads\/2024\/11\/IMG_5147-3.jpg 960w, https:\/\/brands-conception.com\/wp-content\/uploads\/2024\/11\/IMG_5147-3-600x450.jpg 600w\" sizes=\"(max-width: 768px) 100vw, 768px\" \/><\/a>\n\t\t\t<\/div><\/figure><figure class='gallery-item'>\n\t\t\t<div class='gallery-icon landscape'>\n\t\t\t\t<a data-elementor-open-lightbox=\"yes\" data-elementor-lightbox-slideshow=\"5b03f4b\" data-elementor-lightbox-title=\"Picture 1\" data-e-action-hash=\"#elementor-action%3Aaction%3Dlightbox%26settings%3DeyJpZCI6Njk4LCJ1cmwiOiJodHRwczpcL1wvYnJhbmRzLWNvbmNlcHRpb24uY29tXC93cC1jb250ZW50XC91cGxvYWRzXC8yMDI0XC8xMVwvUGljdHVyZS0xLnBuZyIsInNsaWRlc2hvdyI6IjViMDNmNGIifQ%3D%3D\" href='https:\/\/brands-conception.com\/wp-content\/uploads\/2024\/11\/Picture-1.png'><img loading=\"lazy\" decoding=\"async\" width=\"388\" height=\"308\" src=\"https:\/\/brands-conception.com\/wp-content\/uploads\/2024\/11\/Picture-1.png\" class=\"attachment-medium_large size-medium_large\" alt=\"\" srcset=\"https:\/\/brands-conception.com\/wp-content\/uploads\/2024\/11\/Picture-1.png 388w, https:\/\/brands-conception.com\/wp-content\/uploads\/2024\/11\/Picture-1-300x238.png 300w\" sizes=\"(max-width: 388px) 100vw, 388px\" \/><\/a>\n\t\t\t<\/div><\/figure><figure class='gallery-item'>\n\t\t\t<div class='gallery-icon landscape'>\n\t\t\t\t<a data-elementor-open-lightbox=\"yes\" data-elementor-lightbox-slideshow=\"5b03f4b\" data-elementor-lightbox-title=\"IFA -Venezuela Stand\" data-e-action-hash=\"#elementor-action%3Aaction%3Dlightbox%26settings%3DeyJpZCI6NTkzLCJ1cmwiOiJodHRwczpcL1wvYnJhbmRzLWNvbmNlcHRpb24uY29tXC93cC1jb250ZW50XC91cGxvYWRzXC8yMDI0XC8xMVwvSUZBLVZlbmV6dWVsYS1TdGFuZC0uanBnIiwic2xpZGVzaG93IjoiNWIwM2Y0YiJ9\" href='https:\/\/brands-conception.com\/wp-content\/uploads\/2024\/11\/IFA-Venezuela-Stand-.jpg'><img loading=\"lazy\" decoding=\"async\" width=\"768\" height=\"512\" src=\"https:\/\/brands-conception.com\/wp-content\/uploads\/2024\/11\/IFA-Venezuela-Stand-.jpg\" class=\"attachment-medium_large size-medium_large\" alt=\"\" \/><\/a>\n\t\t\t<\/div><\/figure>\n\t\t<\/div>\n\t\t<\/div>\n\t\t\t\t\t\t<\/div>\n\t\t\t\t<div class=\"elementor-element elementor-element-1f6d059 elementor-mobile-align-center elementor-widget elementor-widget-button\" data-id=\"1f6d059\" data-element_type=\"widget\" data-e-type=\"widget\" data-widget_type=\"button.default\">\n\t\t\t\t\t\t\t\t\t\t<a class=\"elementor-button elementor-button-link elementor-size-sm\" href=\"#\">\n\t\t\t\t\t\t<span class=\"elementor-button-content-wrapper\">\n\t\t\t\t\t\t\t\t\t<span class=\"elementor-button-text\">Contact Us<\/span>\n\t\t\t\t\t<\/span>\n\t\t\t\t\t<\/a>\n\t\t\t\t\t\t\t\t<\/div>\n\t\t\t\t\t<\/div>\n\t\t<\/div>\n\t\t\t\t\t<\/div>\n\t\t<\/section>\n\t\t\t\t\t<\/div>\n\t\t<\/div>\n\t\t\t\t\t<\/div>\n\t\t<\/section>\n\t\t\t\t<\/div>","protected":false},"excerpt":{"rendered":"<p>Our Work in Action Werfen Sie einen Blick auf einige unserer vergangenen Veranstaltungen.Jedes Projekt spiegelt unser Engagement f\u00fcr Qualit\u00e4t, Kreativit\u00e4t und Liebe zum Detail wider. Contact Us<\/p>","protected":false},"author":1,"featured_media":0,"parent":0,"menu_order":0,"comment_status":"closed","ping_status":"closed","template":"","meta":{"site-sidebar-layout":"no-sidebar","site-content-layout":"page-builder","ast-site-content-layout":"","site-content-style":"default","site-sidebar-style":"default","ast-global-header-display":"","ast-banner-title-visibility":"","ast-main-header-display":"","ast-hfb-above-header-display":"","ast-hfb-below-header-display":"","ast-hfb-mobile-header-display":"","site-post-title":"disabled","ast-breadcrumbs-content":"","ast-featured-img":"disabled","footer-sml-layout":"","theme-transparent-header-meta":"enabled","adv-header-id-meta":"","stick-header-meta":"","header-above-stick-meta":"","header-main-stick-meta":"","header-below-stick-meta":"","astra-migrate-meta-layouts":"default","ast-page-background-enabled":"default","ast-page-background-meta":{"desktop":{"background-color":"var(--ast-global-color-4)","background-image":"","background-repeat":"repeat","background-position":"center center","background-size":"auto","background-attachment":"scroll","background-type":"","background-media":"","overlay-type":"","overlay-color":"","overlay-opacity":"","overlay-gradient":""},"tablet":{"background-color":"","background-image":"","background-repeat":"repeat","background-position":"center center","background-size":"auto","background-attachment":"scroll","background-type":"","background-media":"","overlay-type":"","overlay-color":"","overlay-opacity":"","overlay-gradient":""},"mobile":{"background-color":"","background-image":"","background-repeat":"repeat","background-position":"center center","background-size":"auto","background-attachment":"scroll","background-type":"","background-media":"","overlay-type":"","overlay-color":"","overlay-opacity":"","overlay-gradient":""}},"ast-content-background-meta":{"desktop":{"background-color":"var(--ast-global-color-5)","background-image":"","background-repeat":"repeat","background-position":"center center","background-size":"auto","background-attachment":"scroll","background-type":"","background-media":"","overlay-type":"","overlay-color":"","overlay-opacity":"","overlay-gradient":""},"tablet":{"background-color":"var(--ast-global-color-5)","background-image":"","background-repeat":"repeat","background-position":"center center","background-size":"auto","background-attachment":"scroll","background-type":"","background-media":"","overlay-type":"","overlay-color":"","overlay-opacity":"","overlay-gradient":""},"mobile":{"background-color":"var(--ast-global-color-5)","background-image":"","background-repeat":"repeat","background-position":"center center","background-size":"auto","background-attachment":"scroll","background-type":"","background-media":"","overlay-type":"","overlay-color":"","overlay-opacity":"","overlay-gradient":""}},"footnotes":""},"class_list":["post-537","page","type-page","status-publish","hentry"],"_links":{"self":[{"href":"http:\/\/brands-conception.com\/en\/wp-json\/wp\/v2\/pages\/537","targetHints":{"allow":["GET"]}}],"collection":[{"href":"http:\/\/brands-conception.com\/en\/wp-json\/wp\/v2\/pages"}],"about":[{"href":"http:\/\/brands-conception.com\/en\/wp-json\/wp\/v2\/types\/page"}],"author":[{"embeddable":true,"href":"http:\/\/brands-conception.com\/en\/wp-json\/wp\/v2\/users\/1"}],"replies":[{"embeddable":true,"href":"http:\/\/brands-conception.com\/en\/wp-json\/wp\/v2\/comments?post=537"}],"version-history":[{"count":15,"href":"http:\/\/brands-conception.com\/en\/wp-json\/wp\/v2\/pages\/537\/revisions"}],"predecessor-version":[{"id":1032,"href":"http:\/\/brands-conception.com\/en\/wp-json\/wp\/v2\/pages\/537\/revisions\/1032"}],"wp:attachment":[{"href":"http:\/\/brands-conception.com\/en\/wp-json\/wp\/v2\/media?parent=537"}],"curies":[{"name":"wp","href":"https:\/\/api.w.org\/{rel}","templated":true}]}}