{"id":1154,"date":"2024-12-05T18:02:40","date_gmt":"2024-12-05T18:02:40","guid":{"rendered":"https:\/\/brands-conception.com\/?page_id=1154"},"modified":"2025-03-17T13:22:08","modified_gmt":"2025-03-17T13:22:08","slug":"impressum","status":"publish","type":"page","link":"https:\/\/brands-conception.com\/en\/impressum\/","title":{"rendered":"Imprint:"},"content":{"rendered":"<h3 class=\"wp-block-heading\">INFORMATION ACCORDING TO \u00a75 TMG:<\/h3>\n\n\n\n<p>Brands Conception<br>Unternehmenssitz: Remseck<br>Unternehmensform: Einzelunternehmen ohne Handelsregistereintrag<\/p>\n\n\n\n<p>Represented by:<br>Leonardo Weissmann<br>K\u00f6nigstra\u00dfe 5, 70173 Stuttgart<br>VAT ID\u00a0<br>Umsatzsteuer-Identifikationsnummer gem\u00e4\u00df \u00a7 27 a Umsatzsteuergesetz:<br>DE346167707<\/p>\n\n\n\n<p><\/p>\n\n\n\n<h4 class=\"wp-block-heading\">Contact:<\/h4>\n\n\n\n<p>Email: info@brands-conception.com<\/p>\n\n\n\n<p>Phone: +49177 68116 26<\/p>\n\n\n\n<h3 class=\"wp-block-heading\">DISCLAIMER:<\/h3>\n\n\n\n<h4 class=\"wp-block-heading\">Liability for Content<\/h4>\n\n\n\n<p>The content of our pages was created with the utmost care. However, we cannot guarantee the accuracy, completeness, and timeliness of the content. As service providers, we are responsible for our own content on these pages according to general laws, in accordance with \u00a77 para. 1 TMG. However, under \u00a7\u00a7 8 to 10 TMG, we as service providers are not obligated to monitor transmitted or stored foreign information or investigate circumstances that suggest unlawful activity. Obligations to remove or block the use of information according to general laws remain unaffected. However, liability in this regard is only possible from the moment we become aware of a specific legal violation. If we become aware of any such violations, we will remove this content immediately.<\/p>\n\n\n\n<h4 class=\"wp-block-heading\">Liability for Links<\/h4>\n\n\n\n<p>Our offer contains links to external websites of third parties, the content of which we have no influence over. Therefore, we cannot assume any responsibility for these external contents. The provider or operator of the linked pages is always responsible for their content. The linked pages were checked for possible legal violations at the time of linking. Illegal content was not identifiable at the time of linking. However, a permanent content control of the linked pages is not reasonable without concrete evidence of a legal violation. If we become aware of any legal violations, we will remove such links immediately.<\/p>\n\n\n\n<h4 class=\"wp-block-heading\">Copyright<\/h4>\n\n\n\n<p>The content and works created by the site operators on these pages are subject to German copyright law. The reproduction, editing, distribution, and any type of utilization beyond the limits of copyright require the written consent of the respective author or creator. Downloads and copies of these pages are only permitted for private, non-commercial use. As far as the content on this page was not created by the operator, the copyrights of third parties are observed. In particular, third-party content is marked as such. Should you still become aware of a copyright violation, we ask for an appropriate note. If we become aware of any legal violations, we will remove such content immediately.<\/p>","protected":false},"excerpt":{"rendered":"<p>ANGABEN GEM\u00c4SS \u00a75TMG: Brands ConceptionUnternehmenssitz: RemseckUnternehmensform: Einzelunternehmen ohne Handelsregistereintrag Vertreten durch:Leonardo WeissmannK\u00f6nigstra\u00dfe 5, 70173 StuttgartUmsatzsteuer-ID\u00a0Umsatzsteuer-Identifikationsnummer gem\u00e4\u00df \u00a7 27 a Umsatzsteuergesetz:DE346167707 Kontakt: E-Mail: info@brands-conception.com Telefon: +49177 68116 26 HAFTUNGSAUSSCHLUSS: Haftung f\u00fcr Inhalte Die Inhalte unserer Seiten wurden mit gr\u00f6\u00dfter Sorgfalt erstellt. F\u00fcr die Richtigkeit, Vollst\u00e4ndigkeit und Aktualit\u00e4t der Inhalte k\u00f6nnen wir jedoch keine Gew\u00e4hr \u00fcbernehmen. Als [&hellip;]<\/p>","protected":false},"author":1,"featured_media":0,"parent":0,"menu_order":0,"comment_status":"closed","ping_status":"closed","template":"","meta":{"site-sidebar-layout":"default","site-content-layout":"","ast-site-content-layout":"default","site-content-style":"default","site-sidebar-style":"default","ast-global-header-display":"","ast-banner-title-visibility":"","ast-main-header-display":"","ast-hfb-above-header-display":"","ast-hfb-below-header-display":"","ast-hfb-mobile-header-display":"","site-post-title":"","ast-breadcrumbs-content":"","ast-featured-img":"","footer-sml-layout":"","theme-transparent-header-meta":"","adv-header-id-meta":"","stick-header-meta":"","header-above-stick-meta":"","header-main-stick-meta":"","header-below-stick-meta":"","astra-migrate-meta-layouts":"set","ast-page-background-enabled":"default","ast-page-background-meta":{"desktop":{"background-color":"var(--ast-global-color-4)","background-image":"","background-repeat":"repeat","background-position":"center center","background-size":"auto","background-attachment":"scroll","background-type":"","background-media":"","overlay-type":"","overlay-color":"","overlay-opacity":"","overlay-gradient":""},"tablet":{"background-color":"","background-image":"","background-repeat":"repeat","background-position":"center center","background-size":"auto","background-attachment":"scroll","background-type":"","background-media":"","overlay-type":"","overlay-color":"","overlay-opacity":"","overlay-gradient":""},"mobile":{"background-color":"","background-image":"","background-repeat":"repeat","background-position":"center center","background-size":"auto","background-attachment":"scroll","background-type":"","background-media":"","overlay-type":"","overlay-color":"","overlay-opacity":"","overlay-gradient":""}},"ast-content-background-meta":{"desktop":{"background-color":"var(--ast-global-color-5)","background-image":"","background-repeat":"repeat","background-position":"center center","background-size":"auto","background-attachment":"scroll","background-type":"","background-media":"","overlay-type":"","overlay-color":"","overlay-opacity":"","overlay-gradient":""},"tablet":{"background-color":"var(--ast-global-color-5)","background-image":"","background-repeat":"repeat","background-position":"center center","background-size":"auto","background-attachment":"scroll","background-type":"","background-media":"","overlay-type":"","overlay-color":"","overlay-opacity":"","overlay-gradient":""},"mobile":{"background-color":"var(--ast-global-color-5)","background-image":"","background-repeat":"repeat","background-position":"center center","background-size":"auto","background-attachment":"scroll","background-type":"","background-media":"","overlay-type":"","overlay-color":"","overlay-opacity":"","overlay-gradient":""}},"footnotes":""},"class_list":["post-1154","page","type-page","status-publish","hentry"],"_links":{"self":[{"href":"https:\/\/brands-conception.com\/en\/wp-json\/wp\/v2\/pages\/1154","targetHints":{"allow":["GET"]}}],"collection":[{"href":"https:\/\/brands-conception.com\/en\/wp-json\/wp\/v2\/pages"}],"about":[{"href":"https:\/\/brands-conception.com\/en\/wp-json\/wp\/v2\/types\/page"}],"author":[{"embeddable":true,"href":"https:\/\/brands-conception.com\/en\/wp-json\/wp\/v2\/users\/1"}],"replies":[{"embeddable":true,"href":"https:\/\/brands-conception.com\/en\/wp-json\/wp\/v2\/comments?post=1154"}],"version-history":[{"count":4,"href":"https:\/\/brands-conception.com\/en\/wp-json\/wp\/v2\/pages\/1154\/revisions"}],"predecessor-version":[{"id":1605,"href":"https:\/\/brands-conception.com\/en\/wp-json\/wp\/v2\/pages\/1154\/revisions\/1605"}],"wp:attachment":[{"href":"https:\/\/brands-conception.com\/en\/wp-json\/wp\/v2\/media?parent=1154"}],"curies":[{"name":"wp","href":"https:\/\/api.w.org\/{rel}","templated":true}]}}